{"id":64,"date":"2015-08-31T14:44:31","date_gmt":"2015-08-31T14:44:31","guid":{"rendered":"http:\/\/atelier-mpg.fr\/paysage\/?page_id=64"},"modified":"2019-09-27T13:29:58","modified_gmt":"2019-09-27T13:29:58","slug":"references-2","status":"publish","type":"page","link":"http:\/\/atelier-mpg.fr\/paysage\/references-2\/","title":{"rendered":"R\u00e9f\u00e9rences en cours &#038; r\u00e9alis\u00e9es"},"content":{"rendered":"\n<figure class=\"wp-block-image is-resized\"><img loading=\"lazy\" decoding=\"async\" src=\"http:\/\/atelier-mpg.fr\/paysage\/wp-content\/uploads\/2019\/09\/AtelierMpaysge-tableauRefs-190812-3-378x1024.jpg\" alt=\"\" class=\"wp-image-1262\" width=\"833\" height=\"2259\" srcset=\"http:\/\/atelier-mpg.fr\/paysage\/wp-content\/uploads\/2019\/09\/AtelierMpaysge-tableauRefs-190812-3-378x1024.jpg 378w, http:\/\/atelier-mpg.fr\/paysage\/wp-content\/uploads\/2019\/09\/AtelierMpaysge-tableauRefs-190812-3-111x300.jpg 111w, http:\/\/atelier-mpg.fr\/paysage\/wp-content\/uploads\/2019\/09\/AtelierMpaysge-tableauRefs-190812-3-768x2083.jpg 768w, http:\/\/atelier-mpg.fr\/paysage\/wp-content\/uploads\/2019\/09\/AtelierMpaysge-tableauRefs-190812-3-368x999.jpg 368w, http:\/\/atelier-mpg.fr\/paysage\/wp-content\/uploads\/2019\/09\/AtelierMpaysge-tableauRefs-190812-3.jpg 1163w\" sizes=\"(max-width: 833px) 100vw, 833px\" \/><\/figure>\n","protected":false},"excerpt":{"rendered":"","protected":false},"author":1,"featured_media":0,"parent":0,"menu_order":0,"comment_status":"closed","ping_status":"closed","template":"","meta":{"footnotes":""},"_links":{"self":[{"href":"http:\/\/atelier-mpg.fr\/paysage\/wp-json\/wp\/v2\/pages\/64"}],"collection":[{"href":"http:\/\/atelier-mpg.fr\/paysage\/wp-json\/wp\/v2\/pages"}],"about":[{"href":"http:\/\/atelier-mpg.fr\/paysage\/wp-json\/wp\/v2\/types\/page"}],"author":[{"embeddable":true,"href":"http:\/\/atelier-mpg.fr\/paysage\/wp-json\/wp\/v2\/users\/1"}],"replies":[{"embeddable":true,"href":"http:\/\/atelier-mpg.fr\/paysage\/wp-json\/wp\/v2\/comments?post=64"}],"version-history":[{"count":297,"href":"http:\/\/atelier-mpg.fr\/paysage\/wp-json\/wp\/v2\/pages\/64\/revisions"}],"predecessor-version":[{"id":1264,"href":"http:\/\/atelier-mpg.fr\/paysage\/wp-json\/wp\/v2\/pages\/64\/revisions\/1264"}],"wp:attachment":[{"href":"http:\/\/atelier-mpg.fr\/paysage\/wp-json\/wp\/v2\/media?parent=64"}],"curies":[{"name":"wp","href":"https:\/\/api.w.org\/{rel}","templated":true}]}}